{"id":1118,"date":"2024-10-21T19:31:33","date_gmt":"2024-10-21T17:31:33","guid":{"rendered":"https:\/\/casaslarku.hu\/?page_id=1118"},"modified":"2024-10-21T19:38:40","modified_gmt":"2024-10-21T17:38:40","slug":"impresszum","status":"publish","type":"page","link":"https:\/\/casaslarku.hu\/en\/impresszum\/","title":{"rendered":"Impressum"},"content":{"rendered":"<div data-elementor-type=\"wp-page\" data-elementor-id=\"1118\" class=\"elementor elementor-1118\" data-elementor-post-type=\"page\">\n\t\t\t\t\t\t<section class=\"elementor-section elementor-top-section elementor-element elementor-element-0a39f15 elementor-section-height-min-height elementor-section-stretched elementor-section-boxed elementor-section-height-default elementor-section-items-middle\" data-id=\"0a39f15\" data-element_type=\"section\" data-settings=\"{&quot;stretch_section&quot;:&quot;section-stretched&quot;,&quot;background_background&quot;:&quot;classic&quot;}\">\n\t\t\t\t\t\t\t<div class=\"elementor-background-overlay\"><\/div>\n\t\t\t\t\t\t\t<div class=\"elementor-container elementor-column-gap-default\">\n\t\t\t\t\t<div class=\"elementor-column elementor-col-100 elementor-top-column elementor-element elementor-element-bbccbb2\" data-id=\"bbccbb2\" data-element_type=\"column\">\n\t\t\t<div class=\"elementor-widget-wrap elementor-element-populated\">\n\t\t\t\t\t\t\t<\/div>\n\t\t<\/div>\n\t\t\t\t\t<\/div>\n\t\t<\/section>\n\t\t\t\t<section class=\"elementor-section elementor-top-section elementor-element elementor-element-44c00da elementor-section-boxed elementor-section-height-default elementor-section-height-default\" data-id=\"44c00da\" data-element_type=\"section\">\n\t\t\t\t\t\t<div class=\"elementor-container elementor-column-gap-default\">\n\t\t\t\t\t<div class=\"elementor-column elementor-col-50 elementor-top-column elementor-element elementor-element-e9f31b8\" data-id=\"e9f31b8\" data-element_type=\"column\">\n\t\t\t<div class=\"elementor-widget-wrap elementor-element-populated\">\n\t\t\t\t\t\t<div class=\"elementor-element elementor-element-bc6fced elementor-widget elementor-widget-heading\" data-id=\"bc6fced\" data-element_type=\"widget\" data-widget_type=\"heading.default\">\n\t\t\t\t<div class=\"elementor-widget-container\">\n\t\t\t\t\t<h2 class=\"elementor-heading-title elementor-size-default\">C\u00e9ginform\u00e1ci\u00f3k<\/h2>\t\t\t\t<\/div>\n\t\t\t\t<\/div>\n\t\t\t\t<div class=\"elementor-element elementor-element-210ddcb elementor-widget elementor-widget-text-editor\" data-id=\"210ddcb\" data-element_type=\"widget\" data-widget_type=\"text-editor.default\">\n\t\t\t\t<div class=\"elementor-widget-container\">\n\t\t\t\t\t\t\t\t\t<p class=\"p1\"><strong>N\u00e9v:<\/strong> Sl\u00e1rku Lajos ad\u00f3sz\u00e1mos mag\u00e1nszem\u00e9ly \u201eCasa Slarku\u201d<\/p><p class=\"p1\"><strong>Sz\u00e9khely:<\/strong> 3519 Miskolc, Fajdos d\u0171l\u0151 61550\/2<\/p><p class=\"p1\"><strong>NTAK sz\u00e1m:<\/strong> MA 24096972<\/p><p class=\"p1\"><strong>Bejegyz\u0151 hat\u00f3s\u00e1g neve:<\/strong> Borsod-Aba\u00faj-Zempl\u00e9n V\u00e1rmegyei Ad\u00f3- \u00e9s V\u00e1migazgat\u00f3s\u00e1ga<\/p><p class=\"p1\"><strong>Sz\u00e1mlavezet\u0151 bank neve:<\/strong> OTP Bank<\/p><p class=\"p1\"><strong>Ad\u00f3sz\u00e1m:<\/strong> 90249613-1-25<\/p><p class=\"p1\"><strong>K\u00f6z\u00f6ss\u00e9gi ad\u00f3sz\u00e1m:<\/strong> HU90249613<\/p><p class=\"p1\"><strong>Mobilsz\u00e1m:<\/strong> +36-20-9929977<\/p><p class=\"p2\"><strong><span class=\"s1\">Email c\u00edme: <\/span><\/strong>lajosslarku@gmail.com<\/p><p class=\"p2\"><strong><span class=\"s1\">Honlap: <\/span><\/strong>www.casaslarku.hu<\/p>\t\t\t\t\t\t\t\t<\/div>\n\t\t\t\t<\/div>\n\t\t\t\t\t<\/div>\n\t\t<\/div>\n\t\t\t\t<div class=\"elementor-column elementor-col-50 elementor-top-column elementor-element elementor-element-a1b0e06\" data-id=\"a1b0e06\" data-element_type=\"column\">\n\t\t\t<div class=\"elementor-widget-wrap elementor-element-populated\">\n\t\t\t\t\t\t<div class=\"elementor-element elementor-element-91b781f elementor-widget elementor-widget-heading\" data-id=\"91b781f\" data-element_type=\"widget\" data-widget_type=\"heading.default\">\n\t\t\t\t<div class=\"elementor-widget-container\">\n\t\t\t\t\t<h2 class=\"elementor-heading-title elementor-size-default\">T\u00e1rhelyszolg\u00e1ltat\u00f3<\/h2>\t\t\t\t<\/div>\n\t\t\t\t<\/div>\n\t\t\t\t<div class=\"elementor-element elementor-element-b6fee8e elementor-widget elementor-widget-text-editor\" data-id=\"b6fee8e\" data-element_type=\"widget\" data-widget_type=\"text-editor.default\">\n\t\t\t\t<div class=\"elementor-widget-container\">\n\t\t\t\t\t\t\t\t\t<div class=\"row mt-2\" data-trid=\"232\"><p class=\"col-12 col-lg-6 font-weight-light mb-1\" data-trid=\"233\"><strong>\u00dczemeltet\u0151:<\/strong> Rackhost Zrt.<\/p><\/div><div class=\"row\" data-trid=\"235\"><p class=\"col-12 col-lg-6 font-weight-light mb-1\" data-trid=\"236\"><strong>C\u00edm:<\/strong> 6722 Szeged, Tisza Lajos k\u00f6r\u00fat 41.<\/p><\/div><div class=\"row\" data-trid=\"238\"><p class=\"col-12 col-lg-6 font-weight-light mb-1\" data-trid=\"239\"><strong>Ad\u00f3sz\u00e1m:<\/strong> 25333572-2-06<\/p><\/div><div class=\"row\" data-trid=\"241\"><p class=\"col-12 col-lg-6 font-weight-light mb-1\" data-trid=\"242\"><strong>C\u00e9gjegyz\u00e9ksz\u00e1m:<\/strong> 06-10-000489<\/p><\/div>\t\t\t\t\t\t\t\t<\/div>\n\t\t\t\t<\/div>\n\t\t\t\t\t<\/div>\n\t\t<\/div>\n\t\t\t\t\t<\/div>\n\t\t<\/section>\n\t\t\t\t<\/div>","protected":false},"excerpt":{"rendered":"<p>C\u00e9ginform\u00e1ci\u00f3k N\u00e9v: Sl\u00e1rku Lajos ad\u00f3sz\u00e1mos mag\u00e1nszem\u00e9ly \u201eCasa Slarku\u201d Sz\u00e9khely: 3519 Miskolc, Fajdos d\u0171l\u0151 61550\/2 NTAK sz\u00e1m: MA 24096972 Bejegyz\u0151 hat\u00f3s\u00e1g neve: Borsod-Aba\u00faj-Zempl\u00e9n V\u00e1rmegyei Ad\u00f3- \u00e9s V\u00e1migazgat\u00f3s\u00e1ga Sz\u00e1mlavezet\u0151 bank neve: OTP Bank Ad\u00f3sz\u00e1m: 90249613-1-25 K\u00f6z\u00f6ss\u00e9gi ad\u00f3sz\u00e1m: HU90249613 Mobilsz\u00e1m: +36-20-9929977 Email c\u00edme: lajosslarku@gmail.com Honlap: www.casaslarku.hu T\u00e1rhelyszolg\u00e1ltat\u00f3 \u00dczemeltet\u0151: Rackhost Zrt. C\u00edm: 6722 Szeged, Tisza Lajos k\u00f6r\u00fat 41. Ad\u00f3sz\u00e1m: [&hellip;]<\/p>","protected":false},"author":1,"featured_media":0,"parent":0,"menu_order":0,"comment_status":"closed","ping_status":"closed","template":"","meta":{"footnotes":""},"class_list":["post-1118","page","type-page","status-publish","hentry"],"yoast_head":"<!-- This site is optimized with the Yoast SEO Premium plugin v25.2 (Yoast SEO v25.2) - https:\/\/yoast.com\/wordpress\/plugins\/seo\/ -->\n<title>Impresszum - Casa Sl\u00e1rku<\/title>\n<meta name=\"robots\" content=\"index, follow, max-snippet:-1, max-image-preview:large, max-video-preview:-1\" \/>\n<link rel=\"canonical\" href=\"https:\/\/casaslarku.hu\/en\/impresszum\/\" \/>\n<meta property=\"og:locale\" content=\"en_GB\" \/>\n<meta property=\"og:type\" content=\"article\" \/>\n<meta property=\"og:title\" content=\"Impresszum\" \/>\n<meta property=\"og:description\" content=\"C\u00e9ginform\u00e1ci\u00f3k N\u00e9v: Sl\u00e1rku Lajos ad\u00f3sz\u00e1mos mag\u00e1nszem\u00e9ly \u201eCasa Slarku\u201d Sz\u00e9khely: 3519 Miskolc, Fajdos d\u0171l\u0151 61550\/2 NTAK sz\u00e1m: MA 24096972 Bejegyz\u0151 hat\u00f3s\u00e1g neve: Borsod-Aba\u00faj-Zempl\u00e9n V\u00e1rmegyei Ad\u00f3- \u00e9s V\u00e1migazgat\u00f3s\u00e1ga Sz\u00e1mlavezet\u0151 bank neve: OTP Bank Ad\u00f3sz\u00e1m: 90249613-1-25 K\u00f6z\u00f6ss\u00e9gi ad\u00f3sz\u00e1m: HU90249613 Mobilsz\u00e1m: +36-20-9929977 Email c\u00edme: lajosslarku@gmail.com Honlap: www.casaslarku.hu T\u00e1rhelyszolg\u00e1ltat\u00f3 \u00dczemeltet\u0151: Rackhost Zrt. C\u00edm: 6722 Szeged, Tisza Lajos k\u00f6r\u00fat 41. Ad\u00f3sz\u00e1m: [&hellip;]\" \/>\n<meta property=\"og:url\" content=\"https:\/\/casaslarku.hu\/en\/impresszum\/\" \/>\n<meta property=\"og:site_name\" content=\"Casa Sl\u00e1rku\" \/>\n<meta property=\"article:modified_time\" content=\"2024-10-21T17:38:40+00:00\" \/>\n<meta name=\"twitter:card\" content=\"summary_large_image\" \/>\n<script type=\"application\/ld+json\" class=\"yoast-schema-graph\">{\"@context\":\"https:\/\/schema.org\",\"@graph\":[{\"@type\":\"WebPage\",\"@id\":\"https:\/\/casaslarku.hu\/impresszum\/\",\"url\":\"https:\/\/casaslarku.hu\/impresszum\/\",\"name\":\"Impresszum - Casa Sl\u00e1rku\",\"isPartOf\":{\"@id\":\"https:\/\/casaslarku.hu\/#website\"},\"datePublished\":\"2024-10-21T17:31:33+00:00\",\"dateModified\":\"2024-10-21T17:38:40+00:00\",\"breadcrumb\":{\"@id\":\"https:\/\/casaslarku.hu\/impresszum\/#breadcrumb\"},\"inLanguage\":\"en-GB\",\"potentialAction\":[{\"@type\":\"ReadAction\",\"target\":[\"https:\/\/casaslarku.hu\/impresszum\/\"]}]},{\"@type\":\"BreadcrumbList\",\"@id\":\"https:\/\/casaslarku.hu\/impresszum\/#breadcrumb\",\"itemListElement\":[{\"@type\":\"ListItem\",\"position\":1,\"name\":\"Kezd\u0151lap\",\"item\":\"https:\/\/casaslarku.hu\/\"},{\"@type\":\"ListItem\",\"position\":2,\"name\":\"Impresszum\"}]},{\"@type\":\"WebSite\",\"@id\":\"https:\/\/casaslarku.hu\/#website\",\"url\":\"https:\/\/casaslarku.hu\/\",\"name\":\"Casa Slarku\",\"description\":\"\",\"publisher\":{\"@id\":\"https:\/\/casaslarku.hu\/#organization\"},\"potentialAction\":[{\"@type\":\"SearchAction\",\"target\":{\"@type\":\"EntryPoint\",\"urlTemplate\":\"https:\/\/casaslarku.hu\/?s={search_term_string}\"},\"query-input\":{\"@type\":\"PropertyValueSpecification\",\"valueRequired\":true,\"valueName\":\"search_term_string\"}}],\"inLanguage\":\"en-GB\"},{\"@type\":\"Organization\",\"@id\":\"https:\/\/casaslarku.hu\/#organization\",\"name\":\"Casa Slarku\",\"url\":\"https:\/\/casaslarku.hu\/\",\"logo\":{\"@type\":\"ImageObject\",\"inLanguage\":\"en-GB\",\"@id\":\"https:\/\/casaslarku.hu\/#\/schema\/logo\/image\/\",\"url\":\"https:\/\/casaslarku.hu\/wp-content\/uploads\/2024\/08\/cropped-Casa-Slarku-2.png\",\"contentUrl\":\"https:\/\/casaslarku.hu\/wp-content\/uploads\/2024\/08\/cropped-Casa-Slarku-2.png\",\"width\":392,\"height\":217,\"caption\":\"Casa Slarku\"},\"image\":{\"@id\":\"https:\/\/casaslarku.hu\/#\/schema\/logo\/image\/\"}}]}<\/script>\n<!-- \/ Yoast SEO Premium plugin. -->","yoast_head_json":{"title":"Impresszum - Casa Sl\u00e1rku","robots":{"index":"index","follow":"follow","max-snippet":"max-snippet:-1","max-image-preview":"max-image-preview:large","max-video-preview":"max-video-preview:-1"},"canonical":"https:\/\/casaslarku.hu\/en\/impresszum\/","og_locale":"en_GB","og_type":"article","og_title":"Impresszum","og_description":"C\u00e9ginform\u00e1ci\u00f3k N\u00e9v: Sl\u00e1rku Lajos ad\u00f3sz\u00e1mos mag\u00e1nszem\u00e9ly \u201eCasa Slarku\u201d Sz\u00e9khely: 3519 Miskolc, Fajdos d\u0171l\u0151 61550\/2 NTAK sz\u00e1m: MA 24096972 Bejegyz\u0151 hat\u00f3s\u00e1g neve: Borsod-Aba\u00faj-Zempl\u00e9n V\u00e1rmegyei Ad\u00f3- \u00e9s V\u00e1migazgat\u00f3s\u00e1ga Sz\u00e1mlavezet\u0151 bank neve: OTP Bank Ad\u00f3sz\u00e1m: 90249613-1-25 K\u00f6z\u00f6ss\u00e9gi ad\u00f3sz\u00e1m: HU90249613 Mobilsz\u00e1m: +36-20-9929977 Email c\u00edme: lajosslarku@gmail.com Honlap: www.casaslarku.hu T\u00e1rhelyszolg\u00e1ltat\u00f3 \u00dczemeltet\u0151: Rackhost Zrt. C\u00edm: 6722 Szeged, Tisza Lajos k\u00f6r\u00fat 41. Ad\u00f3sz\u00e1m: [&hellip;]","og_url":"https:\/\/casaslarku.hu\/en\/impresszum\/","og_site_name":"Casa Sl\u00e1rku","article_modified_time":"2024-10-21T17:38:40+00:00","twitter_card":"summary_large_image","schema":{"@context":"https:\/\/schema.org","@graph":[{"@type":"WebPage","@id":"https:\/\/casaslarku.hu\/impresszum\/","url":"https:\/\/casaslarku.hu\/impresszum\/","name":"Impresszum - Casa Sl\u00e1rku","isPartOf":{"@id":"https:\/\/casaslarku.hu\/#website"},"datePublished":"2024-10-21T17:31:33+00:00","dateModified":"2024-10-21T17:38:40+00:00","breadcrumb":{"@id":"https:\/\/casaslarku.hu\/impresszum\/#breadcrumb"},"inLanguage":"en-GB","potentialAction":[{"@type":"ReadAction","target":["https:\/\/casaslarku.hu\/impresszum\/"]}]},{"@type":"BreadcrumbList","@id":"https:\/\/casaslarku.hu\/impresszum\/#breadcrumb","itemListElement":[{"@type":"ListItem","position":1,"name":"Kezd\u0151lap","item":"https:\/\/casaslarku.hu\/"},{"@type":"ListItem","position":2,"name":"Impresszum"}]},{"@type":"WebSite","@id":"https:\/\/casaslarku.hu\/#website","url":"https:\/\/casaslarku.hu\/","name":"Casa Slarku","description":"","publisher":{"@id":"https:\/\/casaslarku.hu\/#organization"},"potentialAction":[{"@type":"SearchAction","target":{"@type":"EntryPoint","urlTemplate":"https:\/\/casaslarku.hu\/?s={search_term_string}"},"query-input":{"@type":"PropertyValueSpecification","valueRequired":true,"valueName":"search_term_string"}}],"inLanguage":"en-GB"},{"@type":"Organization","@id":"https:\/\/casaslarku.hu\/#organization","name":"Casa Slarku","url":"https:\/\/casaslarku.hu\/","logo":{"@type":"ImageObject","inLanguage":"en-GB","@id":"https:\/\/casaslarku.hu\/#\/schema\/logo\/image\/","url":"https:\/\/casaslarku.hu\/wp-content\/uploads\/2024\/08\/cropped-Casa-Slarku-2.png","contentUrl":"https:\/\/casaslarku.hu\/wp-content\/uploads\/2024\/08\/cropped-Casa-Slarku-2.png","width":392,"height":217,"caption":"Casa Slarku"},"image":{"@id":"https:\/\/casaslarku.hu\/#\/schema\/logo\/image\/"}}]}},"_links":{"self":[{"href":"https:\/\/casaslarku.hu\/en\/wp-json\/wp\/v2\/pages\/1118","targetHints":{"allow":["GET"]}}],"collection":[{"href":"https:\/\/casaslarku.hu\/en\/wp-json\/wp\/v2\/pages"}],"about":[{"href":"https:\/\/casaslarku.hu\/en\/wp-json\/wp\/v2\/types\/page"}],"author":[{"embeddable":true,"href":"https:\/\/casaslarku.hu\/en\/wp-json\/wp\/v2\/users\/1"}],"replies":[{"embeddable":true,"href":"https:\/\/casaslarku.hu\/en\/wp-json\/wp\/v2\/comments?post=1118"}],"version-history":[{"count":10,"href":"https:\/\/casaslarku.hu\/en\/wp-json\/wp\/v2\/pages\/1118\/revisions"}],"predecessor-version":[{"id":1134,"href":"https:\/\/casaslarku.hu\/en\/wp-json\/wp\/v2\/pages\/1118\/revisions\/1134"}],"wp:attachment":[{"href":"https:\/\/casaslarku.hu\/en\/wp-json\/wp\/v2\/media?parent=1118"}],"curies":[{"name":"wp","href":"https:\/\/api.w.org\/{rel}","templated":true}]}}